{"id":1248,"date":"2018-09-15T05:43:03","date_gmt":"2018-09-15T03:43:03","guid":{"rendered":"http:\/\/kinobude.cz\/?page_id=1248"},"modified":"2018-09-15T05:43:03","modified_gmt":"2018-09-15T03:43:03","slug":"program-archive","status":"publish","type":"page","link":"https:\/\/kinobude.cz\/en\/program\/program-archive\/","title":{"rendered":"Program Archive"},"content":{"rendered":"<div class=\"programSeznam\">        <a class=\"programPolozka row\" href=\"https:\/\/kinobude.cz\/en\/polozka_programu\/big-lebowski-2\/\">\r\n          <div class=\"col-xs-12 col-md-1 dateTime\">\r\n                            <div class=\"dayAndTime\">Fri, 21:00<\/div>\r\n              <div class=\"date\">27. 8.<\/div>\r\n              <div class=\"year\">2021<\/div>     \r\n          <\/div>\r\n          <div class=\"thumb col-xs-6 col-md-2\">\r\n            <img loading=\"lazy\" decoding=\"async\" width=\"300\" height=\"100\" src=\"https:\/\/kinobude.cz\/wp-content\/uploads\/2021\/06\/big2-300x100.jpg\" class=\"attachment-medium size-medium wp-post-image\" alt=\"\" srcset=\"https:\/\/kinobude.cz\/wp-content\/uploads\/2021\/06\/big2-300x100.jpg 300w, https:\/\/kinobude.cz\/wp-content\/uploads\/2021\/06\/big2-1024x341.jpg 1024w, https:\/\/kinobude.cz\/wp-content\/uploads\/2021\/06\/big2-768x256.jpg 768w, https:\/\/kinobude.cz\/wp-content\/uploads\/2021\/06\/big2.jpg 1200w\" sizes=\"auto, (max-width: 300px) 100vw, 300px\" \/>          <\/div>\r\n          <div class=\"titleAndBasicInfo col-xs-6 col-md-7\">\r\n            <h2>Big Lebowski<\/h2>\r\n            <div class=\"catalogMetas\">Comedy \/ Crime, USA \/ GBR, 1998, 117 min, English, Czech sub.<\/div>\r\n          <\/div>\r\n          <div class=\"icons_and_more col-xs-12 col-md-2\">\r\n            <div class=\"cycles\">\r\n                          <\/div>\r\n            <div class=\"readMoreText\">V\u00edce &rarr;<\/div>\r\n          <\/div>\r\n        <\/a>\r\n              <a class=\"programPolozka row\" href=\"https:\/\/kinobude.cz\/en\/polozka_programu\/wolkenbruch\/\">\r\n          <div class=\"col-xs-12 col-md-1 dateTime\">\r\n                            <div class=\"dayAndTime\">Thu, 21:00<\/div>\r\n              <div class=\"date\">26. 8.<\/div>\r\n              <div class=\"year\">2021<\/div>     \r\n          <\/div>\r\n          <div class=\"thumb col-xs-6 col-md-2\">\r\n            <img loading=\"lazy\" decoding=\"async\" width=\"300\" height=\"100\" src=\"https:\/\/kinobude.cz\/wp-content\/uploads\/2021\/06\/wolkenbruch-300x100.jpg\" class=\"attachment-medium size-medium wp-post-image\" alt=\"\" srcset=\"https:\/\/kinobude.cz\/wp-content\/uploads\/2021\/06\/wolkenbruch-300x100.jpg 300w, https:\/\/kinobude.cz\/wp-content\/uploads\/2021\/06\/wolkenbruch-1024x341.jpg 1024w, https:\/\/kinobude.cz\/wp-content\/uploads\/2021\/06\/wolkenbruch-768x256.jpg 768w, https:\/\/kinobude.cz\/wp-content\/uploads\/2021\/06\/wolkenbruch.jpg 1200w\" sizes=\"auto, (max-width: 300px) 100vw, 300px\" \/>          <\/div>\r\n          <div class=\"titleAndBasicInfo col-xs-6 col-md-7\">\r\n            <h2>The Awakening of Motti Wolkenbruch<\/h2>\r\n            <div class=\"catalogMetas\">Comedy \/ Drama, CHE, 2018, 92 min, German, Czech sub.<\/div>\r\n          <\/div>\r\n          <div class=\"icons_and_more col-xs-12 col-md-2\">\r\n            <div class=\"cycles\">\r\n                          <\/div>\r\n            <div class=\"readMoreText\">V\u00edce &rarr;<\/div>\r\n          <\/div>\r\n        <\/a>\r\n              <a class=\"programPolozka row\" href=\"https:\/\/kinobude.cz\/en\/polozka_programu\/first-cow\/\">\r\n          <div class=\"col-xs-12 col-md-1 dateTime\">\r\n                            <div class=\"dayAndTime\">Wed, 21:00<\/div>\r\n              <div class=\"date\">25. 8.<\/div>\r\n              <div class=\"year\">2021<\/div>     \r\n          <\/div>\r\n          <div class=\"thumb col-xs-6 col-md-2\">\r\n            <img loading=\"lazy\" decoding=\"async\" width=\"300\" height=\"100\" src=\"https:\/\/kinobude.cz\/wp-content\/uploads\/2021\/06\/1krava-300x100.jpg\" class=\"attachment-medium size-medium wp-post-image\" alt=\"\" srcset=\"https:\/\/kinobude.cz\/wp-content\/uploads\/2021\/06\/1krava-300x100.jpg 300w, https:\/\/kinobude.cz\/wp-content\/uploads\/2021\/06\/1krava-1024x341.jpg 1024w, https:\/\/kinobude.cz\/wp-content\/uploads\/2021\/06\/1krava-768x256.jpg 768w, https:\/\/kinobude.cz\/wp-content\/uploads\/2021\/06\/1krava.jpg 1200w\" sizes=\"auto, (max-width: 300px) 100vw, 300px\" \/>          <\/div>\r\n          <div class=\"titleAndBasicInfo col-xs-6 col-md-7\">\r\n            <h2>First Cow<\/h2>\r\n            <div class=\"catalogMetas\">Drama, USA, 2019, 121 min, English, Czech sub.<\/div>\r\n          <\/div>\r\n          <div class=\"icons_and_more col-xs-12 col-md-2\">\r\n            <div class=\"cycles\">\r\n                          <\/div>\r\n            <div class=\"readMoreText\">V\u00edce &rarr;<\/div>\r\n          <\/div>\r\n        <\/a>\r\n              <a class=\"programPolozka row\" href=\"https:\/\/kinobude.cz\/en\/polozka_programu\/festen\/\">\r\n          <div class=\"col-xs-12 col-md-1 dateTime\">\r\n                            <div class=\"dayAndTime\">Tue, 21:00<\/div>\r\n              <div class=\"date\">24. 8.<\/div>\r\n              <div class=\"year\">2021<\/div>     \r\n          <\/div>\r\n          <div class=\"thumb col-xs-6 col-md-2\">\r\n            <img loading=\"lazy\" decoding=\"async\" width=\"300\" height=\"100\" src=\"https:\/\/kinobude.cz\/wp-content\/uploads\/2021\/06\/rodoslava-300x100.jpg\" class=\"attachment-medium size-medium wp-post-image\" alt=\"\" srcset=\"https:\/\/kinobude.cz\/wp-content\/uploads\/2021\/06\/rodoslava-300x100.jpg 300w, https:\/\/kinobude.cz\/wp-content\/uploads\/2021\/06\/rodoslava-1024x341.jpg 1024w, https:\/\/kinobude.cz\/wp-content\/uploads\/2021\/06\/rodoslava-768x256.jpg 768w, https:\/\/kinobude.cz\/wp-content\/uploads\/2021\/06\/rodoslava.jpg 1200w\" sizes=\"auto, (max-width: 300px) 100vw, 300px\" \/>          <\/div>\r\n          <div class=\"titleAndBasicInfo col-xs-6 col-md-7\">\r\n            <h2>The Celebration<\/h2>\r\n            <div class=\"catalogMetas\">Drama \/ Psychological, DNK \/ SWE, 1998, 105 min, Danish. Czech sub.<\/div>\r\n          <\/div>\r\n          <div class=\"icons_and_more col-xs-12 col-md-2\">\r\n            <div class=\"cycles\">\r\n                          <\/div>\r\n            <div class=\"readMoreText\">V\u00edce &rarr;<\/div>\r\n          <\/div>\r\n        <\/a>\r\n              <a class=\"programPolozka row\" href=\"https:\/\/kinobude.cz\/en\/polozka_programu\/no-country-for-old-men\/\">\r\n          <div class=\"col-xs-12 col-md-1 dateTime\">\r\n                            <div class=\"dayAndTime\">Mon, 21:00<\/div>\r\n              <div class=\"date\">23. 8.<\/div>\r\n              <div class=\"year\">2021<\/div>     \r\n          <\/div>\r\n          <div class=\"thumb col-xs-6 col-md-2\">\r\n            <img loading=\"lazy\" decoding=\"async\" width=\"300\" height=\"100\" src=\"https:\/\/kinobude.cz\/wp-content\/uploads\/2021\/06\/nocountry-300x100.jpg\" class=\"attachment-medium size-medium wp-post-image\" alt=\"\" srcset=\"https:\/\/kinobude.cz\/wp-content\/uploads\/2021\/06\/nocountry-300x100.jpg 300w, https:\/\/kinobude.cz\/wp-content\/uploads\/2021\/06\/nocountry-1024x341.jpg 1024w, https:\/\/kinobude.cz\/wp-content\/uploads\/2021\/06\/nocountry-768x256.jpg 768w, https:\/\/kinobude.cz\/wp-content\/uploads\/2021\/06\/nocountry.jpg 1200w\" sizes=\"auto, (max-width: 300px) 100vw, 300px\" \/>          <\/div>\r\n          <div class=\"titleAndBasicInfo col-xs-6 col-md-7\">\r\n            <h2>No Country for Old Men<\/h2>\r\n            <div class=\"catalogMetas\">Drama \/ Crime \/ Thriller, USA, 2007, 122 min, English, Czech sub.<\/div>\r\n          <\/div>\r\n          <div class=\"icons_and_more col-xs-12 col-md-2\">\r\n            <div class=\"cycles\">\r\n                          <\/div>\r\n            <div class=\"readMoreText\">V\u00edce &rarr;<\/div>\r\n          <\/div>\r\n        <\/a>\r\n              <a class=\"programPolozka row\" href=\"https:\/\/kinobude.cz\/en\/polozka_programu\/zabawa-zabawa-2\/\">\r\n          <div class=\"col-xs-12 col-md-1 dateTime\">\r\n                            <div class=\"dayAndTime\">Sun, 21:00<\/div>\r\n              <div class=\"date\">22. 8.<\/div>\r\n              <div class=\"year\">2021<\/div>     \r\n          <\/div>\r\n          <div class=\"thumb col-xs-6 col-md-2\">\r\n            <img loading=\"lazy\" decoding=\"async\" width=\"300\" height=\"100\" src=\"https:\/\/kinobude.cz\/wp-content\/uploads\/2019\/12\/maxresdefault-1-300x100.jpg\" class=\"attachment-medium size-medium wp-post-image\" alt=\"\" srcset=\"https:\/\/kinobude.cz\/wp-content\/uploads\/2019\/12\/maxresdefault-1-300x100.jpg 300w, https:\/\/kinobude.cz\/wp-content\/uploads\/2019\/12\/maxresdefault-1-1024x341.jpg 1024w, https:\/\/kinobude.cz\/wp-content\/uploads\/2019\/12\/maxresdefault-1-768x256.jpg 768w, https:\/\/kinobude.cz\/wp-content\/uploads\/2019\/12\/maxresdefault-1.jpg 1200w\" sizes=\"auto, (max-width: 300px) 100vw, 300px\" \/>          <\/div>\r\n          <div class=\"titleAndBasicInfo col-xs-6 col-md-7\">\r\n            <h2>Zabawa, zabawa<\/h2>\r\n            <div class=\"catalogMetas\">Drama, POL, 2018, 88 min, Polish, Czech sub.<\/div>\r\n          <\/div>\r\n          <div class=\"icons_and_more col-xs-12 col-md-2\">\r\n            <div class=\"cycles\">\r\n                          <\/div>\r\n            <div class=\"readMoreText\">V\u00edce &rarr;<\/div>\r\n          <\/div>\r\n        <\/a>\r\n              <a class=\"programPolozka row\" href=\"https:\/\/kinobude.cz\/en\/polozka_programu\/la-grande-bellezza\/\">\r\n          <div class=\"col-xs-12 col-md-1 dateTime\">\r\n                            <div class=\"dayAndTime\">Sat, 21:00<\/div>\r\n              <div class=\"date\">21. 8.<\/div>\r\n              <div class=\"year\">2021<\/div>     \r\n          <\/div>\r\n          <div class=\"thumb col-xs-6 col-md-2\">\r\n            <img loading=\"lazy\" decoding=\"async\" width=\"300\" height=\"125\" src=\"https:\/\/kinobude.cz\/wp-content\/uploads\/2019\/06\/greatbeauty01-e1561154598903-300x125.jpg\" class=\"attachment-medium size-medium wp-post-image\" alt=\"\" srcset=\"https:\/\/kinobude.cz\/wp-content\/uploads\/2019\/06\/greatbeauty01-e1561154598903-300x125.jpg 300w, https:\/\/kinobude.cz\/wp-content\/uploads\/2019\/06\/greatbeauty01-e1561154598903-768x321.jpg 768w, https:\/\/kinobude.cz\/wp-content\/uploads\/2019\/06\/greatbeauty01-e1561154598903-1024x428.jpg 1024w, https:\/\/kinobude.cz\/wp-content\/uploads\/2019\/06\/greatbeauty01-e1561154598903.jpg 1200w\" sizes=\"auto, (max-width: 300px) 100vw, 300px\" \/>          <\/div>\r\n          <div class=\"titleAndBasicInfo col-xs-6 col-md-7\">\r\n            <h2>The Great Beauty<\/h2>\r\n            <div class=\"catalogMetas\">Drama \/ Comedy, ITA \/ FRA, 2013, 141 min, Italian, Czech sub.<\/div>\r\n          <\/div>\r\n          <div class=\"icons_and_more col-xs-12 col-md-2\">\r\n            <div class=\"cycles\">\r\n                          <\/div>\r\n            <div class=\"readMoreText\">V\u00edce &rarr;<\/div>\r\n          <\/div>\r\n        <\/a>\r\n              <a class=\"programPolozka row\" href=\"https:\/\/kinobude.cz\/en\/polozka_programu\/palm-springs\/\">\r\n          <div class=\"col-xs-12 col-md-1 dateTime\">\r\n                            <div class=\"dayAndTime\">Fri, 21:00<\/div>\r\n              <div class=\"date\">20. 8.<\/div>\r\n              <div class=\"year\">2021<\/div>     \r\n          <\/div>\r\n          <div class=\"thumb col-xs-6 col-md-2\">\r\n            <img loading=\"lazy\" decoding=\"async\" width=\"300\" height=\"100\" src=\"https:\/\/kinobude.cz\/wp-content\/uploads\/2021\/06\/palm-300x100.jpg\" class=\"attachment-medium size-medium wp-post-image\" alt=\"\" srcset=\"https:\/\/kinobude.cz\/wp-content\/uploads\/2021\/06\/palm-300x100.jpg 300w, https:\/\/kinobude.cz\/wp-content\/uploads\/2021\/06\/palm-1024x341.jpg 1024w, https:\/\/kinobude.cz\/wp-content\/uploads\/2021\/06\/palm-768x256.jpg 768w, https:\/\/kinobude.cz\/wp-content\/uploads\/2021\/06\/palm.jpg 1200w\" sizes=\"auto, (max-width: 300px) 100vw, 300px\" \/>          <\/div>\r\n          <div class=\"titleAndBasicInfo col-xs-6 col-md-7\">\r\n            <h2>Palm Springs<\/h2>\r\n            <div class=\"catalogMetas\">Comedy \/ Romantic, USA, 2020, 87 min, English, Czech sub.<\/div>\r\n          <\/div>\r\n          <div class=\"icons_and_more col-xs-12 col-md-2\">\r\n            <div class=\"cycles\">\r\n                          <\/div>\r\n            <div class=\"readMoreText\">V\u00edce &rarr;<\/div>\r\n          <\/div>\r\n        <\/a>\r\n              <a class=\"programPolozka row\" href=\"https:\/\/kinobude.cz\/en\/polozka_programu\/das-vorspiel\/\">\r\n          <div class=\"col-xs-12 col-md-1 dateTime\">\r\n                            <div class=\"dayAndTime\">Thu, 21:00<\/div>\r\n              <div class=\"date\">19. 8.<\/div>\r\n              <div class=\"year\">2021<\/div>     \r\n          <\/div>\r\n          <div class=\"thumb col-xs-6 col-md-2\">\r\n            <img loading=\"lazy\" decoding=\"async\" width=\"300\" height=\"100\" src=\"https:\/\/kinobude.cz\/wp-content\/uploads\/2021\/06\/vorspiel-300x100.jpg\" class=\"attachment-medium size-medium wp-post-image\" alt=\"\" srcset=\"https:\/\/kinobude.cz\/wp-content\/uploads\/2021\/06\/vorspiel-300x100.jpg 300w, https:\/\/kinobude.cz\/wp-content\/uploads\/2021\/06\/vorspiel-1024x341.jpg 1024w, https:\/\/kinobude.cz\/wp-content\/uploads\/2021\/06\/vorspiel-768x256.jpg 768w, https:\/\/kinobude.cz\/wp-content\/uploads\/2021\/06\/vorspiel.jpg 1200w\" sizes=\"auto, (max-width: 300px) 100vw, 300px\" \/>          <\/div>\r\n          <div class=\"titleAndBasicInfo col-xs-6 col-md-7\">\r\n            <h2>The Audition<\/h2>\r\n            <div class=\"catalogMetas\">Drama, GER \/ FRA, 2019, 99 min, German, Czech sub.<\/div>\r\n          <\/div>\r\n          <div class=\"icons_and_more col-xs-12 col-md-2\">\r\n            <div class=\"cycles\">\r\n                          <\/div>\r\n            <div class=\"readMoreText\">V\u00edce &rarr;<\/div>\r\n          <\/div>\r\n        <\/a>\r\n              <a class=\"programPolozka row\" href=\"https:\/\/kinobude.cz\/en\/polozka_programu\/emma\/\">\r\n          <div class=\"col-xs-12 col-md-1 dateTime\">\r\n                            <div class=\"dayAndTime\">Wed, 21:00<\/div>\r\n              <div class=\"date\">18. 8.<\/div>\r\n              <div class=\"year\">2021<\/div>     \r\n          <\/div>\r\n          <div class=\"thumb col-xs-6 col-md-2\">\r\n            <img loading=\"lazy\" decoding=\"async\" width=\"300\" height=\"100\" src=\"https:\/\/kinobude.cz\/wp-content\/uploads\/2021\/06\/emma-300x100.jpg\" class=\"attachment-medium size-medium wp-post-image\" alt=\"\" srcset=\"https:\/\/kinobude.cz\/wp-content\/uploads\/2021\/06\/emma-300x100.jpg 300w, https:\/\/kinobude.cz\/wp-content\/uploads\/2021\/06\/emma-1024x341.jpg 1024w, https:\/\/kinobude.cz\/wp-content\/uploads\/2021\/06\/emma-768x256.jpg 768w, https:\/\/kinobude.cz\/wp-content\/uploads\/2021\/06\/emma.jpg 1200w\" sizes=\"auto, (max-width: 300px) 100vw, 300px\" \/>          <\/div>\r\n          <div class=\"titleAndBasicInfo col-xs-6 col-md-7\">\r\n            <h2>Emma.<\/h2>\r\n            <div class=\"catalogMetas\">Comedy \/ Drama, GBR, 2020, 124 min, English, Czech sub.<\/div>\r\n          <\/div>\r\n          <div class=\"icons_and_more col-xs-12 col-md-2\">\r\n            <div class=\"cycles\">\r\n                          <\/div>\r\n            <div class=\"readMoreText\">V\u00edce &rarr;<\/div>\r\n          <\/div>\r\n        <\/a>\r\n      <ul class='page-numbers'>\n\t<li><span aria-current=\"page\" class=\"page-numbers current\">1<\/span><\/li>\n\t<li><a class=\"page-numbers\" href=\"https:\/\/kinobude.cz\/en\/wp-json\/wp\/v2\/pages\/1248\/page\/2\/\">2<\/a><\/li>\n\t<li><a class=\"page-numbers\" href=\"https:\/\/kinobude.cz\/en\/wp-json\/wp\/v2\/pages\/1248\/page\/3\/\">3<\/a><\/li>\n\t<li><span class=\"page-numbers dots\">&hellip;<\/span><\/li>\n\t<li><a class=\"page-numbers\" href=\"https:\/\/kinobude.cz\/en\/wp-json\/wp\/v2\/pages\/1248\/page\/25\/\">25<\/a><\/li>\n\t<li><a class=\"next page-numbers\" href=\"https:\/\/kinobude.cz\/en\/wp-json\/wp\/v2\/pages\/1248\/page\/2\/\">N\u00e1sleduj\u00edc\u00ed<span class=\"paginationRight\"><\/span><\/a><\/li>\n<\/ul>\n<\/div>\n","protected":false},"excerpt":{"rendered":"","protected":false},"author":1,"featured_media":0,"parent":715,"menu_order":0,"comment_status":"closed","ping_status":"closed","template":"","meta":{"_acf_changed":false,"inline_featured_image":false,"footnotes":""},"class_list":["post-1248","page","type-page","status-publish","hentry"],"acf":[],"_links":{"self":[{"href":"https:\/\/kinobude.cz\/en\/wp-json\/wp\/v2\/pages\/1248","targetHints":{"allow":["GET"]}}],"collection":[{"href":"https:\/\/kinobude.cz\/en\/wp-json\/wp\/v2\/pages"}],"about":[{"href":"https:\/\/kinobude.cz\/en\/wp-json\/wp\/v2\/types\/page"}],"author":[{"embeddable":true,"href":"https:\/\/kinobude.cz\/en\/wp-json\/wp\/v2\/users\/1"}],"replies":[{"embeddable":true,"href":"https:\/\/kinobude.cz\/en\/wp-json\/wp\/v2\/comments?post=1248"}],"version-history":[{"count":1,"href":"https:\/\/kinobude.cz\/en\/wp-json\/wp\/v2\/pages\/1248\/revisions"}],"predecessor-version":[{"id":1249,"href":"https:\/\/kinobude.cz\/en\/wp-json\/wp\/v2\/pages\/1248\/revisions\/1249"}],"up":[{"embeddable":true,"href":"https:\/\/kinobude.cz\/en\/wp-json\/wp\/v2\/pages\/715"}],"wp:attachment":[{"href":"https:\/\/kinobude.cz\/en\/wp-json\/wp\/v2\/media?parent=1248"}],"curies":[{"name":"wp","href":"https:\/\/api.w.org\/{rel}","templated":true}]}}