{"id":713,"date":"2018-07-17T21:30:50","date_gmt":"2018-07-17T19:30:50","guid":{"rendered":"http:\/\/kinobude.cz\/?page_id=713"},"modified":"2018-07-17T21:30:50","modified_gmt":"2018-07-17T19:30:50","slug":"kinokavarna","status":"publish","type":"page","link":"https:\/\/kinobude.cz\/en\/kinokavarna\/","title":{"rendered":"Kinokav\u00e1rna"},"content":{"rendered":"<p>From fall to spring we can meet at Cinemacaf\u00e9 at N\u00e1m\u011bst\u00ed SNP square in Brno-\u010cern\u00e1 Pole district.<\/p>\n<p>&nbsp;<\/p>\n","protected":false},"excerpt":{"rendered":"<p>From fall to spring we can meet at Cinemacaf\u00e9 at N\u00e1m\u011bst\u00ed SNP square in Brno-\u010cern\u00e1 Pole district. &nbsp;<\/p>\n","protected":false},"author":1,"featured_media":0,"parent":0,"menu_order":0,"comment_status":"closed","ping_status":"closed","template":"","meta":{"_acf_changed":false,"inline_featured_image":false,"footnotes":""},"class_list":["post-713","page","type-page","status-publish","hentry"],"acf":[],"_links":{"self":[{"href":"https:\/\/kinobude.cz\/en\/wp-json\/wp\/v2\/pages\/713","targetHints":{"allow":["GET"]}}],"collection":[{"href":"https:\/\/kinobude.cz\/en\/wp-json\/wp\/v2\/pages"}],"about":[{"href":"https:\/\/kinobude.cz\/en\/wp-json\/wp\/v2\/types\/page"}],"author":[{"embeddable":true,"href":"https:\/\/kinobude.cz\/en\/wp-json\/wp\/v2\/users\/1"}],"replies":[{"embeddable":true,"href":"https:\/\/kinobude.cz\/en\/wp-json\/wp\/v2\/comments?post=713"}],"version-history":[{"count":1,"href":"https:\/\/kinobude.cz\/en\/wp-json\/wp\/v2\/pages\/713\/revisions"}],"predecessor-version":[{"id":716,"href":"https:\/\/kinobude.cz\/en\/wp-json\/wp\/v2\/pages\/713\/revisions\/716"}],"wp:attachment":[{"href":"https:\/\/kinobude.cz\/en\/wp-json\/wp\/v2\/media?parent=713"}],"curies":[{"name":"wp","href":"https:\/\/api.w.org\/{rel}","templated":true}]}}